{"id":1796,"date":"2025-09-21T22:24:41","date_gmt":"2025-09-21T20:24:41","guid":{"rendered":"https:\/\/lesmainsdeflo.com\/?page_id=1796"},"modified":"2025-10-01T17:14:08","modified_gmt":"2025-10-01T15:14:08","slug":"consultations-privees","status":"publish","type":"page","link":"https:\/\/lesmainsdeflo.com\/index.php\/consultations-privees\/","title":{"rendered":"Consultations Priv\u00e9es"},"content":{"rendered":"\t\t<div data-elementor-type=\"wp-page\" data-elementor-id=\"1796\" class=\"elementor elementor-1796\">\n\t\t\t\t\t\t<section class=\"elementor-section elementor-top-section elementor-element elementor-element-3a6268e elementor-section-boxed elementor-section-height-default elementor-section-height-default\" data-id=\"3a6268e\" data-element_type=\"section\" data-settings=\"{&quot;background_background&quot;:&quot;classic&quot;}\">\n\t\t\t\t\t\t<div class=\"elementor-container elementor-column-gap-no\">\n\t\t\t\t\t<div class=\"elementor-column elementor-col-100 elementor-top-column elementor-element elementor-element-15301f9\" data-id=\"15301f9\" data-element_type=\"column\">\n\t\t\t<div class=\"elementor-widget-wrap elementor-element-populated\">\n\t\t\t\t\t\t<div class=\"elementor-element elementor-element-8fc5eb4 elementor-widget elementor-widget-heading\" data-id=\"8fc5eb4\" data-element_type=\"widget\" data-widget_type=\"heading.default\">\n\t\t\t\t<div class=\"elementor-widget-container\">\n\t\t\t\t\t<h1 class=\"elementor-heading-title elementor-size-default\">Consultations priv\u00e9es<\/h1>\t\t\t\t<\/div>\n\t\t\t\t<\/div>\n\t\t\t\t\t<\/div>\n\t\t<\/div>\n\t\t\t\t\t<\/div>\n\t\t<\/section>\n\t\t<div class=\"elementor-element elementor-element-f108ca9 e-flex e-con-boxed e-con e-parent\" data-id=\"f108ca9\" data-element_type=\"container\">\n\t\t\t\t\t<div class=\"e-con-inner\">\n\t\t\t\t\t<\/div>\n\t\t\t\t<\/div>\n\t\t<div class=\"elementor-element elementor-element-7bd4bb0 e-flex e-con-boxed e-con e-parent\" data-id=\"7bd4bb0\" data-element_type=\"container\">\n\t\t\t\t\t<div class=\"e-con-inner\">\n\t\t\t\t<div class=\"elementor-element elementor-element-b4f2ab5 elementor-widget elementor-widget-heading\" data-id=\"b4f2ab5\" data-element_type=\"widget\" data-widget_type=\"heading.default\">\n\t\t\t\t<div class=\"elementor-widget-container\">\n\t\t\t\t\t<h2 class=\"elementor-heading-title elementor-size-default\">Consultations priv\u00e9es - La magie de vos mains<\/h2>\t\t\t\t<\/div>\n\t\t\t\t<\/div>\n\t\t\t\t<div class=\"elementor-element elementor-element-a0188ff elementor-widget elementor-widget-text-editor\" data-id=\"a0188ff\" data-element_type=\"widget\" data-widget_type=\"text-editor.default\">\n\t\t\t\t<div class=\"elementor-widget-container\">\n\t\t\t\t\t\t\t\t\t<p><b>Comment se passe une consultation priv\u00e9e?<\/b><\/p><p>Une consultation de chirologie, c&rsquo;est un moment unique o\u00f9 vos mains deviennent le reflet de votre histoire et de votre potentiel.<\/p><p><span style=\"font-style: inherit; font-weight: inherit;\">Je commence par vous demander votre \u00e2ge, pour situer dans votre paume o\u00f9 vous en \u00eates\u00a0 dans votre parcours de vie. J&rsquo;observe ensuite les signes et les caract\u00e9ristiques qui attirent mon attention. Puis, pas \u00e0 pas, j&rsquo;explore vos mains:<\/span><\/p><ul><li><b>votre personnalit\u00e9<\/b>: qui vous \u00eates dans vos forces et sensibilit\u00e9s.<\/li><li><b>vos qualit\u00e9s inn\u00e9es<\/b>: celles re\u00e7ues d\u00e8s la naissance et la fa\u00e7on dont vous les utilisez<\/li><li><b>vos challenges et dilemmes<\/b>: les zones de tension qui vous invitent \u00e0 \u00e9voluer<\/li><li><b>votre mission de vie<\/b>: ce vers quoi vos mains vous orientent profond\u00e9ment<\/li><\/ul><div>Je vous transmets alors des cl\u00e9s de compr\u00e9hension et de d\u00e9cryptage, pour avancer plus sereinement sur votre chemin.<\/div><div>Le destin est \u00e9crit mais il n&rsquo;est jamais fig\u00e9. Vous \u00eates l&rsquo;auteur de votre histoire. Mon r\u00f4le n&rsquo;est pas de vous dire quoi faire, mais de mettre en lumi\u00e8re le pouvoir que vous avez d\u00e9j\u00e0 dans vos mains.<\/div><div>\u00a0<\/div><p><span style=\"font-style: inherit; font-weight: inherit;\">Envie de d\u00e9couvrir ce que vos mains racontent de vous? En pr\u00e9sentiel, en ligne ou \u00e0 distance (sur photos), choisissez votre formule:<\/span><\/p><ul><li><b>Chiroflash<\/b> (20mn) : une d\u00e9couverte express, id\u00e9ale pour un premier contact.<\/li><li><b>Chiropop <\/b>(1h30 ou \u00e0 distance sur photos) : une analyse compl\u00e8te + une vid\u00e9o de 60 mn ou un livre personnalis\u00e9 de 20 pages qui r\u00e9v\u00e8le votre histoire \u00e0 travers vos mains<\/li><li><b>Chirowow : <\/b>la formule compl\u00e8te &#8211; consultation + vid\u00e9o + livre personnalis\u00e9<\/li><\/ul><div>Chaque formule est pens\u00e9e pour vous surprendre, vous inspirer et vous offrir un support unique \u00e0 garder ou \u00e0 partager.<\/div>\t\t\t\t\t\t\t\t<\/div>\n\t\t\t\t<\/div>\n\t\t\t\t\t<\/div>\n\t\t\t\t<\/div>\n\t\t<div class=\"elementor-element elementor-element-05681d8 e-flex e-con-boxed e-con e-parent\" data-id=\"05681d8\" data-element_type=\"container\">\n\t\t\t\t\t<div class=\"e-con-inner\">\n\t\t\t\t<div class=\"elementor-element elementor-element-541be0d elementor-widget elementor-widget-image\" data-id=\"541be0d\" data-element_type=\"widget\" data-widget_type=\"image.default\">\n\t\t\t\t<div class=\"elementor-widget-container\">\n\t\t\t\t\t\t\t\t\t\t\t\t\t\t\t<img fetchpriority=\"high\" decoding=\"async\" width=\"565\" height=\"372\" src=\"https:\/\/lesmainsdeflo.com\/wp-content\/uploads\/2023\/10\/Chirologie-1.png\" class=\"attachment-large size-large wp-image-1449\" alt=\"\" srcset=\"https:\/\/lesmainsdeflo.com\/wp-content\/uploads\/2023\/10\/Chirologie-1.png 565w, https:\/\/lesmainsdeflo.com\/wp-content\/uploads\/2023\/10\/Chirologie-1-300x198.png 300w\" sizes=\"(max-width: 565px) 100vw, 565px\" \/>\t\t\t\t\t\t\t\t\t\t\t\t\t\t\t<\/div>\n\t\t\t\t<\/div>\n\t\t\t\t<div class=\"elementor-element elementor-element-a2f33e8 elementor-widget elementor-widget-testimonial\" data-id=\"a2f33e8\" data-element_type=\"widget\" data-widget_type=\"testimonial.default\">\n\t\t\t\t<div class=\"elementor-widget-container\">\n\t\t\t\t\t\t\t<div class=\"elementor-testimonial-wrapper\">\n\t\t\t\t\t\t\t<div class=\"elementor-testimonial-content\">Paulo, Please Tell your friend she is really special and a gift of God. She really could see myself through my hand\u2026amazing\u2026and yes , I\u2019m over 40\u2026and yes I\u2019m lost exactly due to the reason she wrote.\nDoes she have any Hints what way i should follow? \ud83d\ude06<\/div>\n\t\t\t\n\t\t\t\t\t\t<div class=\"elementor-testimonial-meta\">\n\t\t\t\t<div class=\"elementor-testimonial-meta-inner\">\n\t\t\t\t\t\n\t\t\t\t\t\t\t\t\t\t<div class=\"elementor-testimonial-details\">\n\t\t\t\t\t\t\t\t\t\t\t\t\t\t<div class=\"elementor-testimonial-name\">Ligia C.<\/div>\n\t\t\t\t\t\t\t\t\t\t\t\t\t\t\t\t\t\t\t\t\t\t<div class=\"elementor-testimonial-job\">Brazil<\/div>\n\t\t\t\t\t\t\t\t\t\t\t\t\t<\/div>\n\t\t\t\t\t\t\t\t\t<\/div>\n\t\t\t<\/div>\n\t\t\t\t\t<\/div>\n\t\t\t\t\t\t<\/div>\n\t\t\t\t<\/div>\n\t\t\t\t\t<\/div>\n\t\t\t\t<\/div>\n\t\t\t\t<\/div>\n\t\t","protected":false},"excerpt":{"rendered":"<p>Consultations priv\u00e9es Consultations priv\u00e9es &#8211; La magie de vos mains Comment se passe une consultation priv\u00e9e? Une consultation de chirologie, c&rsquo;est un moment unique o\u00f9 vos mains deviennent le reflet &hellip;<\/p>\n<p class=\"read-more\"> <a class=\"\" href=\"https:\/\/lesmainsdeflo.com\/index.php\/consultations-privees\/\"> <span class=\"screen-reader-text\">Consultations Priv\u00e9es<\/span> Lire la suite\u00a0\u00bb<\/a><\/p>\n","protected":false},"author":1,"featured_media":0,"parent":0,"menu_order":0,"comment_status":"closed","ping_status":"closed","template":"","meta":{"site-sidebar-layout":"no-sidebar","site-content-layout":"page-builder","ast-site-content-layout":"full-width-container","site-content-style":"default","site-sidebar-style":"default","ast-global-header-display":"","ast-banner-title-visibility":"","ast-main-header-display":"","ast-hfb-above-header-display":"","ast-hfb-below-header-display":"","ast-hfb-mobile-header-display":"","site-post-title":"disabled","ast-breadcrumbs-content":"","ast-featured-img":"disabled","footer-sml-layout":"","theme-transparent-header-meta":"default","adv-header-id-meta":"","stick-header-meta":"","header-above-stick-meta":"","header-main-stick-meta":"","header-below-stick-meta":"","astra-migrate-meta-layouts":"set","_price":"","_stock":"","_tribe_ticket_header":"","_tribe_default_ticket_provider":"TEC\\Tickets\\Commerce\\Module","_tribe_ticket_capacity":"0","_ticket_start_date":"","_ticket_end_date":"","_tribe_ticket_show_description":"","_tribe_ticket_show_not_going":false,"_tribe_ticket_use_global_stock":"","_tribe_ticket_global_stock_level":"","_global_stock_mode":"","_global_stock_cap":"","_tribe_rsvp_for_event":"","_tribe_ticket_going_count":"","_tribe_ticket_not_going_count":"","_tribe_tickets_list":"[]","_tribe_ticket_has_attendee_info_fields":false,"footnotes":"","_tec_slr_enabled":"","_tec_slr_layout":""},"class_list":["post-1796","page","type-page","status-publish","hentry"],"yoast_head":"<!-- This site is optimized with the Yoast SEO plugin v22.8 - https:\/\/yoast.com\/wordpress\/plugins\/seo\/ -->\n<title>Consultations Priv\u00e9es - Les mains de flo<\/title>\n<meta name=\"description\" content=\"D\u00e9couvrez ce que vos mains r\u00e9v\u00e8lent de vous gr\u00e2ce aux consultations individuelles , en pr\u00e9sentiel ou \u00e0 distance \u00e0 partir de photos.\" \/>\n<meta name=\"robots\" content=\"index, follow, max-snippet:-1, max-image-preview:large, max-video-preview:-1\" \/>\n<link rel=\"canonical\" href=\"https:\/\/lesmainsdeflo.com\/index.php\/consultations-privees\/\" \/>\n<meta property=\"og:locale\" content=\"fr_FR\" \/>\n<meta property=\"og:type\" content=\"article\" \/>\n<meta property=\"og:title\" content=\"Consultations Priv\u00e9es - Les mains de flo\" \/>\n<meta property=\"og:description\" content=\"D\u00e9couvrez ce que vos mains r\u00e9v\u00e8lent de vous gr\u00e2ce aux consultations individuelles , en pr\u00e9sentiel ou \u00e0 distance \u00e0 partir de photos.\" \/>\n<meta property=\"og:url\" content=\"https:\/\/lesmainsdeflo.com\/index.php\/consultations-privees\/\" \/>\n<meta property=\"og:site_name\" content=\"Les mains de flo\" \/>\n<meta property=\"article:modified_time\" content=\"2025-10-01T15:14:08+00:00\" \/>\n<meta property=\"og:image\" content=\"http:\/\/lesmainsdeflo.com\/wp-content\/uploads\/2023\/10\/Chirologie-1.png\" \/>\n<meta name=\"twitter:card\" content=\"summary_large_image\" \/>\n<meta name=\"twitter:label1\" content=\"Dur\u00e9e de lecture estim\u00e9e\" \/>\n\t<meta name=\"twitter:data1\" content=\"2 minutes\" \/>\n<script type=\"application\/ld+json\" class=\"yoast-schema-graph\">{\"@context\":\"https:\/\/schema.org\",\"@graph\":[{\"@type\":\"WebPage\",\"@id\":\"https:\/\/lesmainsdeflo.com\/index.php\/consultations-privees\/\",\"url\":\"https:\/\/lesmainsdeflo.com\/index.php\/consultations-privees\/\",\"name\":\"Consultations Priv\u00e9es - Les mains de flo\",\"isPartOf\":{\"@id\":\"https:\/\/lesmainsdeflo.com\/#website\"},\"primaryImageOfPage\":{\"@id\":\"https:\/\/lesmainsdeflo.com\/index.php\/consultations-privees\/#primaryimage\"},\"image\":{\"@id\":\"https:\/\/lesmainsdeflo.com\/index.php\/consultations-privees\/#primaryimage\"},\"thumbnailUrl\":\"http:\/\/lesmainsdeflo.com\/wp-content\/uploads\/2023\/10\/Chirologie-1.png\",\"datePublished\":\"2025-09-21T20:24:41+00:00\",\"dateModified\":\"2025-10-01T15:14:08+00:00\",\"description\":\"D\u00e9couvrez ce que vos mains r\u00e9v\u00e8lent de vous gr\u00e2ce aux consultations individuelles , en pr\u00e9sentiel ou \u00e0 distance \u00e0 partir de photos.\",\"breadcrumb\":{\"@id\":\"https:\/\/lesmainsdeflo.com\/index.php\/consultations-privees\/#breadcrumb\"},\"inLanguage\":\"fr-FR\",\"potentialAction\":[{\"@type\":\"ReadAction\",\"target\":[\"https:\/\/lesmainsdeflo.com\/index.php\/consultations-privees\/\"]}]},{\"@type\":\"ImageObject\",\"inLanguage\":\"fr-FR\",\"@id\":\"https:\/\/lesmainsdeflo.com\/index.php\/consultations-privees\/#primaryimage\",\"url\":\"https:\/\/lesmainsdeflo.com\/wp-content\/uploads\/2023\/10\/Chirologie-1.png\",\"contentUrl\":\"https:\/\/lesmainsdeflo.com\/wp-content\/uploads\/2023\/10\/Chirologie-1.png\",\"width\":565,\"height\":372},{\"@type\":\"BreadcrumbList\",\"@id\":\"https:\/\/lesmainsdeflo.com\/index.php\/consultations-privees\/#breadcrumb\",\"itemListElement\":[{\"@type\":\"ListItem\",\"position\":1,\"name\":\"Accueil\",\"item\":\"https:\/\/lesmainsdeflo.com\/\"},{\"@type\":\"ListItem\",\"position\":2,\"name\":\"Consultations Priv\u00e9es\"}]},{\"@type\":\"WebSite\",\"@id\":\"https:\/\/lesmainsdeflo.com\/#website\",\"url\":\"https:\/\/lesmainsdeflo.com\/\",\"name\":\"Les Mains de Flo\",\"description\":\"lecture des lignes de la main\",\"publisher\":{\"@id\":\"https:\/\/lesmainsdeflo.com\/#organization\"},\"potentialAction\":[{\"@type\":\"SearchAction\",\"target\":{\"@type\":\"EntryPoint\",\"urlTemplate\":\"https:\/\/lesmainsdeflo.com\/?s={search_term_string}\"},\"query-input\":\"required name=search_term_string\"}],\"inLanguage\":\"fr-FR\"},{\"@type\":\"Organization\",\"@id\":\"https:\/\/lesmainsdeflo.com\/#organization\",\"name\":\"Les mains de flo - Chiromancie\",\"url\":\"https:\/\/lesmainsdeflo.com\/\",\"logo\":{\"@type\":\"ImageObject\",\"inLanguage\":\"fr-FR\",\"@id\":\"https:\/\/lesmainsdeflo.com\/#\/schema\/logo\/image\/\",\"url\":\"https:\/\/lesmainsdeflo.com\/wp-content\/uploads\/2023\/10\/cropped-Chiromancie-Cartomancie-Papotage-1-1.png\",\"contentUrl\":\"https:\/\/lesmainsdeflo.com\/wp-content\/uploads\/2023\/10\/cropped-Chiromancie-Cartomancie-Papotage-1-1.png\",\"width\":512,\"height\":512,\"caption\":\"Les mains de flo - Chiromancie\"},\"image\":{\"@id\":\"https:\/\/lesmainsdeflo.com\/#\/schema\/logo\/image\/\"}}]}<\/script>\n<!-- \/ Yoast SEO plugin. -->","yoast_head_json":{"title":"Consultations Priv\u00e9es - Les mains de flo","description":"D\u00e9couvrez ce que vos mains r\u00e9v\u00e8lent de vous gr\u00e2ce aux consultations individuelles , en pr\u00e9sentiel ou \u00e0 distance \u00e0 partir de photos.","robots":{"index":"index","follow":"follow","max-snippet":"max-snippet:-1","max-image-preview":"max-image-preview:large","max-video-preview":"max-video-preview:-1"},"canonical":"https:\/\/lesmainsdeflo.com\/index.php\/consultations-privees\/","og_locale":"fr_FR","og_type":"article","og_title":"Consultations Priv\u00e9es - Les mains de flo","og_description":"D\u00e9couvrez ce que vos mains r\u00e9v\u00e8lent de vous gr\u00e2ce aux consultations individuelles , en pr\u00e9sentiel ou \u00e0 distance \u00e0 partir de photos.","og_url":"https:\/\/lesmainsdeflo.com\/index.php\/consultations-privees\/","og_site_name":"Les mains de flo","article_modified_time":"2025-10-01T15:14:08+00:00","og_image":[{"url":"http:\/\/lesmainsdeflo.com\/wp-content\/uploads\/2023\/10\/Chirologie-1.png"}],"twitter_card":"summary_large_image","twitter_misc":{"Dur\u00e9e de lecture estim\u00e9e":"2 minutes"},"schema":{"@context":"https:\/\/schema.org","@graph":[{"@type":"WebPage","@id":"https:\/\/lesmainsdeflo.com\/index.php\/consultations-privees\/","url":"https:\/\/lesmainsdeflo.com\/index.php\/consultations-privees\/","name":"Consultations Priv\u00e9es - Les mains de flo","isPartOf":{"@id":"https:\/\/lesmainsdeflo.com\/#website"},"primaryImageOfPage":{"@id":"https:\/\/lesmainsdeflo.com\/index.php\/consultations-privees\/#primaryimage"},"image":{"@id":"https:\/\/lesmainsdeflo.com\/index.php\/consultations-privees\/#primaryimage"},"thumbnailUrl":"http:\/\/lesmainsdeflo.com\/wp-content\/uploads\/2023\/10\/Chirologie-1.png","datePublished":"2025-09-21T20:24:41+00:00","dateModified":"2025-10-01T15:14:08+00:00","description":"D\u00e9couvrez ce que vos mains r\u00e9v\u00e8lent de vous gr\u00e2ce aux consultations individuelles , en pr\u00e9sentiel ou \u00e0 distance \u00e0 partir de photos.","breadcrumb":{"@id":"https:\/\/lesmainsdeflo.com\/index.php\/consultations-privees\/#breadcrumb"},"inLanguage":"fr-FR","potentialAction":[{"@type":"ReadAction","target":["https:\/\/lesmainsdeflo.com\/index.php\/consultations-privees\/"]}]},{"@type":"ImageObject","inLanguage":"fr-FR","@id":"https:\/\/lesmainsdeflo.com\/index.php\/consultations-privees\/#primaryimage","url":"https:\/\/lesmainsdeflo.com\/wp-content\/uploads\/2023\/10\/Chirologie-1.png","contentUrl":"https:\/\/lesmainsdeflo.com\/wp-content\/uploads\/2023\/10\/Chirologie-1.png","width":565,"height":372},{"@type":"BreadcrumbList","@id":"https:\/\/lesmainsdeflo.com\/index.php\/consultations-privees\/#breadcrumb","itemListElement":[{"@type":"ListItem","position":1,"name":"Accueil","item":"https:\/\/lesmainsdeflo.com\/"},{"@type":"ListItem","position":2,"name":"Consultations Priv\u00e9es"}]},{"@type":"WebSite","@id":"https:\/\/lesmainsdeflo.com\/#website","url":"https:\/\/lesmainsdeflo.com\/","name":"Les Mains de Flo","description":"lecture des lignes de la main","publisher":{"@id":"https:\/\/lesmainsdeflo.com\/#organization"},"potentialAction":[{"@type":"SearchAction","target":{"@type":"EntryPoint","urlTemplate":"https:\/\/lesmainsdeflo.com\/?s={search_term_string}"},"query-input":"required name=search_term_string"}],"inLanguage":"fr-FR"},{"@type":"Organization","@id":"https:\/\/lesmainsdeflo.com\/#organization","name":"Les mains de flo - Chiromancie","url":"https:\/\/lesmainsdeflo.com\/","logo":{"@type":"ImageObject","inLanguage":"fr-FR","@id":"https:\/\/lesmainsdeflo.com\/#\/schema\/logo\/image\/","url":"https:\/\/lesmainsdeflo.com\/wp-content\/uploads\/2023\/10\/cropped-Chiromancie-Cartomancie-Papotage-1-1.png","contentUrl":"https:\/\/lesmainsdeflo.com\/wp-content\/uploads\/2023\/10\/cropped-Chiromancie-Cartomancie-Papotage-1-1.png","width":512,"height":512,"caption":"Les mains de flo - Chiromancie"},"image":{"@id":"https:\/\/lesmainsdeflo.com\/#\/schema\/logo\/image\/"}}]}},"ticketed":false,"_links":{"self":[{"href":"https:\/\/lesmainsdeflo.com\/index.php\/wp-json\/wp\/v2\/pages\/1796","targetHints":{"allow":["GET"]}}],"collection":[{"href":"https:\/\/lesmainsdeflo.com\/index.php\/wp-json\/wp\/v2\/pages"}],"about":[{"href":"https:\/\/lesmainsdeflo.com\/index.php\/wp-json\/wp\/v2\/types\/page"}],"author":[{"embeddable":true,"href":"https:\/\/lesmainsdeflo.com\/index.php\/wp-json\/wp\/v2\/users\/1"}],"replies":[{"embeddable":true,"href":"https:\/\/lesmainsdeflo.com\/index.php\/wp-json\/wp\/v2\/comments?post=1796"}],"version-history":[{"count":22,"href":"https:\/\/lesmainsdeflo.com\/index.php\/wp-json\/wp\/v2\/pages\/1796\/revisions"}],"predecessor-version":[{"id":1995,"href":"https:\/\/lesmainsdeflo.com\/index.php\/wp-json\/wp\/v2\/pages\/1796\/revisions\/1995"}],"wp:attachment":[{"href":"https:\/\/lesmainsdeflo.com\/index.php\/wp-json\/wp\/v2\/media?parent=1796"}],"curies":[{"name":"wp","href":"https:\/\/api.w.org\/{rel}","templated":true}]}}