{"id":1800,"date":"2025-09-21T22:25:51","date_gmt":"2025-09-21T20:25:51","guid":{"rendered":"https:\/\/lesmainsdeflo.com\/?page_id=1800"},"modified":"2025-10-01T17:28:33","modified_gmt":"2025-10-01T15:28:33","slug":"evgf-evg","status":"publish","type":"page","link":"https:\/\/lesmainsdeflo.com\/index.php\/evgf-evg\/","title":{"rendered":"EVJF\/EVG"},"content":{"rendered":"\t\t<div data-elementor-type=\"wp-page\" data-elementor-id=\"1800\" class=\"elementor elementor-1800\">\n\t\t\t\t\t\t<section class=\"elementor-section elementor-top-section elementor-element elementor-element-aa1d635 elementor-section-boxed elementor-section-height-default elementor-section-height-default\" data-id=\"aa1d635\" data-element_type=\"section\" data-settings=\"{&quot;background_background&quot;:&quot;classic&quot;}\">\n\t\t\t\t\t\t<div class=\"elementor-container elementor-column-gap-no\">\n\t\t\t\t\t<div class=\"elementor-column elementor-col-100 elementor-top-column elementor-element elementor-element-dfc6d2f\" data-id=\"dfc6d2f\" data-element_type=\"column\">\n\t\t\t<div class=\"elementor-widget-wrap elementor-element-populated\">\n\t\t\t\t\t\t<div class=\"elementor-element elementor-element-ca524d7 elementor-widget elementor-widget-heading\" data-id=\"ca524d7\" data-element_type=\"widget\" data-widget_type=\"heading.default\">\n\t\t\t\t<div class=\"elementor-widget-container\">\n\t\t\t\t\t<h1 class=\"elementor-heading-title elementor-size-default\">EVJF \/ EVG<\/h1>\t\t\t\t<\/div>\n\t\t\t\t<\/div>\n\t\t\t\t\t<\/div>\n\t\t<\/div>\n\t\t\t\t\t<\/div>\n\t\t<\/section>\n\t\t<div class=\"elementor-element elementor-element-3abcb90 e-flex e-con-boxed e-con e-parent\" data-id=\"3abcb90\" data-element_type=\"container\">\n\t\t\t\t\t<div class=\"e-con-inner\">\n\t\t\t\t<div class=\"elementor-element elementor-element-186ce85 elementor-widget elementor-widget-heading\" data-id=\"186ce85\" data-element_type=\"widget\" data-widget_type=\"heading.default\">\n\t\t\t\t<div class=\"elementor-widget-container\">\n\t\t\t\t\t<h2 class=\"elementor-heading-title elementor-size-default\"><img decoding=\"async\" role=\"img\" class=\"emoji\" alt=\"\ud83c\udf38\" src=\"https:\/\/s.w.org\/images\/core\/emoji\/16.0.1\/svg\/1f338.svg\"> Enterrement de vie de jeune fille\/gar\u00e7on<\/h2>\t\t\t\t<\/div>\n\t\t\t\t<\/div>\n\t\t\t\t\t<\/div>\n\t\t\t\t<\/div>\n\t\t<div class=\"elementor-element elementor-element-7cd159f e-flex e-con-boxed e-con e-parent\" data-id=\"7cd159f\" data-element_type=\"container\">\n\t\t\t\t\t<div class=\"e-con-inner\">\n\t\t\t\t<div class=\"elementor-element elementor-element-e9279a6 elementor-widget elementor-widget-text-editor\" data-id=\"e9279a6\" data-element_type=\"widget\" data-widget_type=\"text-editor.default\">\n\t\t\t\t<div class=\"elementor-widget-container\">\n\t\t\t\t\t\t\t\t\t<p>Envie d&rsquo;un moment inoubliable, ludique et plein de rires ? Offrez \u00e0 vos proches une exp\u00e9rience originale et m\u00e9morable pour un EVJF ou un EVG. Transformez vos mains en v\u00e9ritable QR code de votre personnalit\u00e9 gr\u00e2ce \u00e0 la chirologie et d\u00e9couvrez en groupe ce qu&rsquo;elles racontent!&nbsp; Talents, challenges, traits de caract\u00e8re et anecdotes surprenantes:&nbsp; chacun(e) d\u00e9couvre en live son profil avec \u00e9clats de rire et bonnes vibes, dans une ambiance d\u00e9contract\u00e9e, d\u00e9cal\u00e9e et pleine d&rsquo;\u00e9nergie.&nbsp;<\/p>\n<p>Parfait pour un EVJF entre amies ou un EVG entre amis, ce moment interactif cr\u00e9e des souvenirs m\u00e9morables, d\u00e9clenche des fous rires et renforce la complicit\u00e9. Qu&rsquo;ils s&rsquo;agissent d&rsquo;un EVJF ou d&rsquo;un EVG, chacun(e) d\u00e9couvre son profil unique et repart en ne regardant plus ses mains de la m\u00eame fa\u00e7on&#8230; un vrai QR code vivant de sa personnalit\u00e9!&nbsp;<\/p>\n<p><span style=\"font-style: inherit; font-weight: inherit;\">Rires, surprises et moments de complicit\u00e9 garantis, choisissez la chirologie pour votre EVJF ou votre EVG et offrez un souvenir unique qui restera grav\u00e9 dans toutes les m\u00e9moires.<\/span><\/p><p><span style=\"font-style: inherit;\"><b>Option bonus<\/b><\/span><span style=\"font-style: inherit; font-weight: inherit;\">: prolongez l&rsquo;exp\u00e9rience avec une vid\u00e9o ou un livre souvenir qui raconte l&rsquo;animation. Une trace unique pour garder ce moment grav\u00e9 (sur devis)<\/span><\/p>\t\t\t\t\t\t\t\t<\/div>\n\t\t\t\t<\/div>\n\t\t\t\t\t<\/div>\n\t\t\t\t<\/div>\n\t\t<div class=\"elementor-element elementor-element-c3792e1 e-flex e-con-boxed e-con e-parent\" data-id=\"c3792e1\" data-element_type=\"container\">\n\t\t\t\t\t<div class=\"e-con-inner\">\n\t\t\t\t\t<\/div>\n\t\t\t\t<\/div>\n\t\t<div class=\"elementor-element elementor-element-fc23c68 e-flex e-con-boxed e-con e-parent\" data-id=\"fc23c68\" data-element_type=\"container\">\n\t\t\t\t\t<div class=\"e-con-inner\">\n\t\t\t\t<div class=\"elementor-element elementor-element-dd3aa89 elementor-widget elementor-widget-image\" data-id=\"dd3aa89\" data-element_type=\"widget\" data-widget_type=\"image.default\">\n\t\t\t\t<div class=\"elementor-widget-container\">\n\t\t\t\t\t\t\t\t\t\t\t\t\t\t\t<img fetchpriority=\"high\" decoding=\"async\" width=\"622\" height=\"503\" src=\"https:\/\/lesmainsdeflo.com\/wp-content\/uploads\/2025\/09\/Capture-decran-2025-09-23-114915.png\" class=\"attachment-medium_large size-medium_large wp-image-1833\" alt=\"\" srcset=\"https:\/\/lesmainsdeflo.com\/wp-content\/uploads\/2025\/09\/Capture-decran-2025-09-23-114915.png 622w, https:\/\/lesmainsdeflo.com\/wp-content\/uploads\/2025\/09\/Capture-decran-2025-09-23-114915-300x243.png 300w\" sizes=\"(max-width: 622px) 100vw, 622px\" \/>\t\t\t\t\t\t\t\t\t\t\t\t\t\t\t<\/div>\n\t\t\t\t<\/div>\n\t\t\t\t\t<\/div>\n\t\t\t\t<\/div>\n\t\t<div class=\"elementor-element elementor-element-45f7fb3 e-flex e-con-boxed e-con e-parent\" data-id=\"45f7fb3\" data-element_type=\"container\">\n\t\t\t\t\t<div class=\"e-con-inner\">\n\t\t\t\t<div class=\"elementor-element elementor-element-c960218 elementor-widget elementor-widget-testimonial\" data-id=\"c960218\" data-element_type=\"widget\" data-widget_type=\"testimonial.default\">\n\t\t\t\t<div class=\"elementor-widget-container\">\n\t\t\t\t\t\t\t<div class=\"elementor-testimonial-wrapper\">\n\t\t\t\t\t\t\t<div class=\"elementor-testimonial-content\">On a ador\u00e9 ce moment magique entre copines ! L\u2019animation a compl\u00e8tement d\u00e9pass\u00e9 nos attentes : \u00e0 la fois dr\u00f4le, surprenante et tellement personnalis\u00e9e. On s\u2019est laiss\u00e9es embarquer dans l\u2019exp\u00e9rience, et chacune a eu son petit moment sp\u00e9cial qui restera grav\u00e9. La future mari\u00e9e \u00e9tait aux anges, et nous aussi \ud83e\udd42\u2728. Merci encore, Florence pour ta bienveillance et ton \u00e9nergie, tu as vraiment rendu cet EVJF unique et inoubliable !\"<\/div>\n\t\t\t\n\t\t\t\t\t\t<div class=\"elementor-testimonial-meta\">\n\t\t\t\t<div class=\"elementor-testimonial-meta-inner\">\n\t\t\t\t\t\n\t\t\t\t\t\t\t\t\t\t<div class=\"elementor-testimonial-details\">\n\t\t\t\t\t\t\t\t\t\t\t\t\t\t<div class=\"elementor-testimonial-name\">Emma M.<\/div>\n\t\t\t\t\t\t\t\t\t\t\t\t\t\t\t\t\t\t\t\t\t\t<div class=\"elementor-testimonial-job\">Community Manager<\/div>\n\t\t\t\t\t\t\t\t\t\t\t\t\t<\/div>\n\t\t\t\t\t\t\t\t\t<\/div>\n\t\t\t<\/div>\n\t\t\t\t\t<\/div>\n\t\t\t\t\t\t<\/div>\n\t\t\t\t<\/div>\n\t\t\t\t\t<\/div>\n\t\t\t\t<\/div>\n\t\t\t\t<\/div>\n\t\t","protected":false},"excerpt":{"rendered":"<p>EVJF \/ EVG Enterrement de vie de jeune fille\/gar\u00e7on Envie d&rsquo;un moment inoubliable, ludique et plein de rires ? Offrez \u00e0 vos proches une exp\u00e9rience originale et m\u00e9morable pour un &hellip;<\/p>\n<p class=\"read-more\"> <a class=\"\" href=\"https:\/\/lesmainsdeflo.com\/index.php\/evgf-evg\/\"> <span class=\"screen-reader-text\">EVJF\/EVG<\/span> Lire la suite\u00a0\u00bb<\/a><\/p>\n","protected":false},"author":1,"featured_media":0,"parent":0,"menu_order":0,"comment_status":"closed","ping_status":"closed","template":"","meta":{"site-sidebar-layout":"no-sidebar","site-content-layout":"page-builder","ast-site-content-layout":"full-width-container","site-content-style":"default","site-sidebar-style":"default","ast-global-header-display":"","ast-banner-title-visibility":"","ast-main-header-display":"","ast-hfb-above-header-display":"","ast-hfb-below-header-display":"","ast-hfb-mobile-header-display":"","site-post-title":"disabled","ast-breadcrumbs-content":"","ast-featured-img":"disabled","footer-sml-layout":"","theme-transparent-header-meta":"default","adv-header-id-meta":"","stick-header-meta":"","header-above-stick-meta":"","header-main-stick-meta":"","header-below-stick-meta":"","astra-migrate-meta-layouts":"set","_price":"","_stock":"","_tribe_ticket_header":"","_tribe_default_ticket_provider":"TEC\\Tickets\\Commerce\\Module","_tribe_ticket_capacity":"0","_ticket_start_date":"","_ticket_end_date":"","_tribe_ticket_show_description":"","_tribe_ticket_show_not_going":false,"_tribe_ticket_use_global_stock":"","_tribe_ticket_global_stock_level":"","_global_stock_mode":"","_global_stock_cap":"","_tribe_rsvp_for_event":"","_tribe_ticket_going_count":"","_tribe_ticket_not_going_count":"","_tribe_tickets_list":"[]","_tribe_ticket_has_attendee_info_fields":false,"footnotes":"","_tec_slr_enabled":"","_tec_slr_layout":""},"class_list":["post-1800","page","type-page","status-publish","hentry"],"yoast_head":"<!-- This site is optimized with the Yoast SEO plugin v22.8 - https:\/\/yoast.com\/wordpress\/plugins\/seo\/ -->\n<title>EVJF\/EVG - Les mains de flo<\/title>\n<meta name=\"description\" content=\"EVJF \/ EVG hors du commun : d\u00e9couvrez des animations originales, bluffantes et pleines de rires pour un moment festif et m\u00e9morable.\" \/>\n<meta name=\"robots\" content=\"index, follow, max-snippet:-1, max-image-preview:large, max-video-preview:-1\" \/>\n<link rel=\"canonical\" href=\"https:\/\/lesmainsdeflo.com\/index.php\/evgf-evg\/\" \/>\n<meta property=\"og:locale\" content=\"fr_FR\" \/>\n<meta property=\"og:type\" content=\"article\" \/>\n<meta property=\"og:title\" content=\"EVJF\/EVG - Les mains de flo\" \/>\n<meta property=\"og:description\" content=\"EVJF \/ EVG hors du commun : d\u00e9couvrez des animations originales, bluffantes et pleines de rires pour un moment festif et m\u00e9morable.\" \/>\n<meta property=\"og:url\" content=\"https:\/\/lesmainsdeflo.com\/index.php\/evgf-evg\/\" \/>\n<meta property=\"og:site_name\" content=\"Les mains de flo\" \/>\n<meta property=\"article:modified_time\" content=\"2025-10-01T15:28:33+00:00\" \/>\n<meta property=\"og:image\" content=\"https:\/\/s.w.org\/images\/core\/emoji\/16.0.1\/svg\/1f338.svg\" \/>\n<meta name=\"twitter:card\" content=\"summary_large_image\" \/>\n<meta name=\"twitter:label1\" content=\"Dur\u00e9e de lecture estim\u00e9e\" \/>\n\t<meta name=\"twitter:data1\" content=\"2 minutes\" \/>\n<script type=\"application\/ld+json\" class=\"yoast-schema-graph\">{\"@context\":\"https:\/\/schema.org\",\"@graph\":[{\"@type\":\"WebPage\",\"@id\":\"https:\/\/lesmainsdeflo.com\/index.php\/evgf-evg\/\",\"url\":\"https:\/\/lesmainsdeflo.com\/index.php\/evgf-evg\/\",\"name\":\"EVJF\/EVG - Les mains de flo\",\"isPartOf\":{\"@id\":\"https:\/\/lesmainsdeflo.com\/#website\"},\"primaryImageOfPage\":{\"@id\":\"https:\/\/lesmainsdeflo.com\/index.php\/evgf-evg\/#primaryimage\"},\"image\":{\"@id\":\"https:\/\/lesmainsdeflo.com\/index.php\/evgf-evg\/#primaryimage\"},\"thumbnailUrl\":\"https:\/\/s.w.org\/images\/core\/emoji\/16.0.1\/svg\/1f338.svg\",\"datePublished\":\"2025-09-21T20:25:51+00:00\",\"dateModified\":\"2025-10-01T15:28:33+00:00\",\"description\":\"EVJF \/ EVG hors du commun : d\u00e9couvrez des animations originales, bluffantes et pleines de rires pour un moment festif et m\u00e9morable.\",\"breadcrumb\":{\"@id\":\"https:\/\/lesmainsdeflo.com\/index.php\/evgf-evg\/#breadcrumb\"},\"inLanguage\":\"fr-FR\",\"potentialAction\":[{\"@type\":\"ReadAction\",\"target\":[\"https:\/\/lesmainsdeflo.com\/index.php\/evgf-evg\/\"]}]},{\"@type\":\"ImageObject\",\"inLanguage\":\"fr-FR\",\"@id\":\"https:\/\/lesmainsdeflo.com\/index.php\/evgf-evg\/#primaryimage\",\"url\":\"https:\/\/s.w.org\/images\/core\/emoji\/16.0.1\/svg\/1f338.svg\",\"contentUrl\":\"https:\/\/s.w.org\/images\/core\/emoji\/16.0.1\/svg\/1f338.svg\"},{\"@type\":\"BreadcrumbList\",\"@id\":\"https:\/\/lesmainsdeflo.com\/index.php\/evgf-evg\/#breadcrumb\",\"itemListElement\":[{\"@type\":\"ListItem\",\"position\":1,\"name\":\"Accueil\",\"item\":\"https:\/\/lesmainsdeflo.com\/\"},{\"@type\":\"ListItem\",\"position\":2,\"name\":\"EVJF\/EVG\"}]},{\"@type\":\"WebSite\",\"@id\":\"https:\/\/lesmainsdeflo.com\/#website\",\"url\":\"https:\/\/lesmainsdeflo.com\/\",\"name\":\"Les Mains de Flo\",\"description\":\"lecture des lignes de la main\",\"publisher\":{\"@id\":\"https:\/\/lesmainsdeflo.com\/#organization\"},\"potentialAction\":[{\"@type\":\"SearchAction\",\"target\":{\"@type\":\"EntryPoint\",\"urlTemplate\":\"https:\/\/lesmainsdeflo.com\/?s={search_term_string}\"},\"query-input\":\"required name=search_term_string\"}],\"inLanguage\":\"fr-FR\"},{\"@type\":\"Organization\",\"@id\":\"https:\/\/lesmainsdeflo.com\/#organization\",\"name\":\"Les mains de flo - Chiromancie\",\"url\":\"https:\/\/lesmainsdeflo.com\/\",\"logo\":{\"@type\":\"ImageObject\",\"inLanguage\":\"fr-FR\",\"@id\":\"https:\/\/lesmainsdeflo.com\/#\/schema\/logo\/image\/\",\"url\":\"https:\/\/lesmainsdeflo.com\/wp-content\/uploads\/2023\/10\/cropped-Chiromancie-Cartomancie-Papotage-1-1.png\",\"contentUrl\":\"https:\/\/lesmainsdeflo.com\/wp-content\/uploads\/2023\/10\/cropped-Chiromancie-Cartomancie-Papotage-1-1.png\",\"width\":512,\"height\":512,\"caption\":\"Les mains de flo - Chiromancie\"},\"image\":{\"@id\":\"https:\/\/lesmainsdeflo.com\/#\/schema\/logo\/image\/\"}}]}<\/script>\n<!-- \/ Yoast SEO plugin. -->","yoast_head_json":{"title":"EVJF\/EVG - Les mains de flo","description":"EVJF \/ EVG hors du commun : d\u00e9couvrez des animations originales, bluffantes et pleines de rires pour un moment festif et m\u00e9morable.","robots":{"index":"index","follow":"follow","max-snippet":"max-snippet:-1","max-image-preview":"max-image-preview:large","max-video-preview":"max-video-preview:-1"},"canonical":"https:\/\/lesmainsdeflo.com\/index.php\/evgf-evg\/","og_locale":"fr_FR","og_type":"article","og_title":"EVJF\/EVG - Les mains de flo","og_description":"EVJF \/ EVG hors du commun : d\u00e9couvrez des animations originales, bluffantes et pleines de rires pour un moment festif et m\u00e9morable.","og_url":"https:\/\/lesmainsdeflo.com\/index.php\/evgf-evg\/","og_site_name":"Les mains de flo","article_modified_time":"2025-10-01T15:28:33+00:00","og_image":[{"url":"https:\/\/s.w.org\/images\/core\/emoji\/16.0.1\/svg\/1f338.svg"}],"twitter_card":"summary_large_image","twitter_misc":{"Dur\u00e9e de lecture estim\u00e9e":"2 minutes"},"schema":{"@context":"https:\/\/schema.org","@graph":[{"@type":"WebPage","@id":"https:\/\/lesmainsdeflo.com\/index.php\/evgf-evg\/","url":"https:\/\/lesmainsdeflo.com\/index.php\/evgf-evg\/","name":"EVJF\/EVG - Les mains de flo","isPartOf":{"@id":"https:\/\/lesmainsdeflo.com\/#website"},"primaryImageOfPage":{"@id":"https:\/\/lesmainsdeflo.com\/index.php\/evgf-evg\/#primaryimage"},"image":{"@id":"https:\/\/lesmainsdeflo.com\/index.php\/evgf-evg\/#primaryimage"},"thumbnailUrl":"https:\/\/s.w.org\/images\/core\/emoji\/16.0.1\/svg\/1f338.svg","datePublished":"2025-09-21T20:25:51+00:00","dateModified":"2025-10-01T15:28:33+00:00","description":"EVJF \/ EVG hors du commun : d\u00e9couvrez des animations originales, bluffantes et pleines de rires pour un moment festif et m\u00e9morable.","breadcrumb":{"@id":"https:\/\/lesmainsdeflo.com\/index.php\/evgf-evg\/#breadcrumb"},"inLanguage":"fr-FR","potentialAction":[{"@type":"ReadAction","target":["https:\/\/lesmainsdeflo.com\/index.php\/evgf-evg\/"]}]},{"@type":"ImageObject","inLanguage":"fr-FR","@id":"https:\/\/lesmainsdeflo.com\/index.php\/evgf-evg\/#primaryimage","url":"https:\/\/s.w.org\/images\/core\/emoji\/16.0.1\/svg\/1f338.svg","contentUrl":"https:\/\/s.w.org\/images\/core\/emoji\/16.0.1\/svg\/1f338.svg"},{"@type":"BreadcrumbList","@id":"https:\/\/lesmainsdeflo.com\/index.php\/evgf-evg\/#breadcrumb","itemListElement":[{"@type":"ListItem","position":1,"name":"Accueil","item":"https:\/\/lesmainsdeflo.com\/"},{"@type":"ListItem","position":2,"name":"EVJF\/EVG"}]},{"@type":"WebSite","@id":"https:\/\/lesmainsdeflo.com\/#website","url":"https:\/\/lesmainsdeflo.com\/","name":"Les Mains de Flo","description":"lecture des lignes de la main","publisher":{"@id":"https:\/\/lesmainsdeflo.com\/#organization"},"potentialAction":[{"@type":"SearchAction","target":{"@type":"EntryPoint","urlTemplate":"https:\/\/lesmainsdeflo.com\/?s={search_term_string}"},"query-input":"required name=search_term_string"}],"inLanguage":"fr-FR"},{"@type":"Organization","@id":"https:\/\/lesmainsdeflo.com\/#organization","name":"Les mains de flo - Chiromancie","url":"https:\/\/lesmainsdeflo.com\/","logo":{"@type":"ImageObject","inLanguage":"fr-FR","@id":"https:\/\/lesmainsdeflo.com\/#\/schema\/logo\/image\/","url":"https:\/\/lesmainsdeflo.com\/wp-content\/uploads\/2023\/10\/cropped-Chiromancie-Cartomancie-Papotage-1-1.png","contentUrl":"https:\/\/lesmainsdeflo.com\/wp-content\/uploads\/2023\/10\/cropped-Chiromancie-Cartomancie-Papotage-1-1.png","width":512,"height":512,"caption":"Les mains de flo - Chiromancie"},"image":{"@id":"https:\/\/lesmainsdeflo.com\/#\/schema\/logo\/image\/"}}]}},"ticketed":false,"_links":{"self":[{"href":"https:\/\/lesmainsdeflo.com\/index.php\/wp-json\/wp\/v2\/pages\/1800","targetHints":{"allow":["GET"]}}],"collection":[{"href":"https:\/\/lesmainsdeflo.com\/index.php\/wp-json\/wp\/v2\/pages"}],"about":[{"href":"https:\/\/lesmainsdeflo.com\/index.php\/wp-json\/wp\/v2\/types\/page"}],"author":[{"embeddable":true,"href":"https:\/\/lesmainsdeflo.com\/index.php\/wp-json\/wp\/v2\/users\/1"}],"replies":[{"embeddable":true,"href":"https:\/\/lesmainsdeflo.com\/index.php\/wp-json\/wp\/v2\/comments?post=1800"}],"version-history":[{"count":42,"href":"https:\/\/lesmainsdeflo.com\/index.php\/wp-json\/wp\/v2\/pages\/1800\/revisions"}],"predecessor-version":[{"id":2014,"href":"https:\/\/lesmainsdeflo.com\/index.php\/wp-json\/wp\/v2\/pages\/1800\/revisions\/2014"}],"wp:attachment":[{"href":"https:\/\/lesmainsdeflo.com\/index.php\/wp-json\/wp\/v2\/media?parent=1800"}],"curies":[{"name":"wp","href":"https:\/\/api.w.org\/{rel}","templated":true}]}}