{"id":642,"date":"2021-02-24T05:52:50","date_gmt":"2021-02-24T05:52:50","guid":{"rendered":"https:\/\/lesmainsdeflo.com\/index.php\/services\/"},"modified":"2025-09-25T12:15:33","modified_gmt":"2025-09-25T10:15:33","slug":"consultation","status":"publish","type":"page","link":"https:\/\/lesmainsdeflo.com\/index.php\/consultation\/","title":{"rendered":"Comment \u00e7a se passe ?"},"content":{"rendered":"\t\t<div data-elementor-type=\"wp-page\" data-elementor-id=\"642\" class=\"elementor elementor-642\">\n\t\t\t\t\t\t<section class=\"elementor-section elementor-top-section elementor-element elementor-element-b1ff214 elementor-section-boxed elementor-section-height-default elementor-section-height-default\" data-id=\"b1ff214\" data-element_type=\"section\" data-settings=\"{&quot;background_background&quot;:&quot;classic&quot;}\">\n\t\t\t\t\t\t<div class=\"elementor-container elementor-column-gap-no\">\n\t\t\t\t\t<div class=\"elementor-column elementor-col-100 elementor-top-column elementor-element elementor-element-1f5ead2\" data-id=\"1f5ead2\" data-element_type=\"column\">\n\t\t\t<div class=\"elementor-widget-wrap elementor-element-populated\">\n\t\t\t\t\t\t<div class=\"elementor-element elementor-element-3281813 elementor-widget elementor-widget-heading\" data-id=\"3281813\" data-element_type=\"widget\" data-widget_type=\"heading.default\">\n\t\t\t\t<div class=\"elementor-widget-container\">\n\t\t\t\t\t<h1 class=\"elementor-heading-title elementor-size-default\">Comment \u00e7a se passe ?<\/h1>\t\t\t\t<\/div>\n\t\t\t\t<\/div>\n\t\t\t\t\t<\/div>\n\t\t<\/div>\n\t\t\t\t\t<\/div>\n\t\t<\/section>\n\t\t\t\t<section class=\"elementor-section elementor-top-section elementor-element elementor-element-b51bbdd elementor-section-boxed elementor-section-height-default elementor-section-height-default\" data-id=\"b51bbdd\" data-element_type=\"section\" data-settings=\"{&quot;background_background&quot;:&quot;classic&quot;}\">\n\t\t\t\t\t\t<div class=\"elementor-container elementor-column-gap-no\">\n\t\t\t\t\t<div class=\"elementor-column elementor-col-50 elementor-top-column elementor-element elementor-element-8df2484\" data-id=\"8df2484\" data-element_type=\"column\">\n\t\t\t<div class=\"elementor-widget-wrap elementor-element-populated\">\n\t\t\t\t\t\t<div class=\"elementor-element elementor-element-c5bcf3f elementor-widget elementor-widget-heading\" data-id=\"c5bcf3f\" data-element_type=\"widget\" data-widget_type=\"heading.default\">\n\t\t\t\t<div class=\"elementor-widget-container\">\n\t\t\t\t\t<h2 class=\"elementor-heading-title elementor-size-default\">\ud83c\udf38  A quoi s'attendre lors d'une consultation?<\/h2>\t\t\t\t<\/div>\n\t\t\t\t<\/div>\n\t\t\t\t\t<\/div>\n\t\t<\/div>\n\t\t\t\t<div class=\"elementor-column elementor-col-50 elementor-top-column elementor-element elementor-element-c368b73\" data-id=\"c368b73\" data-element_type=\"column\">\n\t\t\t<div class=\"elementor-widget-wrap\">\n\t\t\t\t\t\t\t<\/div>\n\t\t<\/div>\n\t\t\t\t\t<\/div>\n\t\t<\/section>\n\t\t<div class=\"elementor-element elementor-element-6bbeafb e-flex e-con-boxed e-con e-parent\" data-id=\"6bbeafb\" data-element_type=\"container\">\n\t\t\t\t\t<div class=\"e-con-inner\">\n\t\t\t\t<div class=\"elementor-element elementor-element-238bbd2 elementor-widget elementor-widget-video\" data-id=\"238bbd2\" data-element_type=\"widget\" data-settings=\"{&quot;youtube_url&quot;:&quot;https:\\\/\\\/youtu.be\\\/oShsfFdVx6E?si=7H1__ftGnrnhYHkR&quot;,&quot;video_type&quot;:&quot;youtube&quot;,&quot;controls&quot;:&quot;yes&quot;}\" data-widget_type=\"video.default\">\n\t\t\t\t<div class=\"elementor-widget-container\">\n\t\t\t\t\t\t\t<div class=\"elementor-wrapper elementor-open-inline\">\n\t\t\t<div class=\"elementor-video\"><\/div>\t\t<\/div>\n\t\t\t\t\t\t<\/div>\n\t\t\t\t<\/div>\n\t\t\t\t\t<\/div>\n\t\t\t\t<\/div>\n\t\t<div class=\"elementor-element elementor-element-e61be04 e-flex e-con-boxed e-con e-parent\" data-id=\"e61be04\" data-element_type=\"container\">\n\t\t\t\t\t<div class=\"e-con-inner\">\n\t\t\t\t<div class=\"elementor-element elementor-element-2588212 elementor-widget elementor-widget-text-editor\" data-id=\"2588212\" data-element_type=\"widget\" data-widget_type=\"text-editor.default\">\n\t\t\t\t<div class=\"elementor-widget-container\">\n\t\t\t\t\t\t\t\t\t<p>La consultation se fait g\u00e9n\u00e9ralement \u00e0 distance, sur photos et apr\u00e8s avoir r\u00e9pondu \u00e0 8 questions, du type tu es droitier(e) ou gaucher(e). Pourquoi cette question?<\/p>\n<p>Tout simplement parce que l&rsquo;analyse tient compte des deux mains. \u00c9tudier les deux mains permet de faire le lien entre le programme que nous avons re\u00e7u \u00e0 la naissance et ce que nous en avons fait.<\/p>\n<p>Petit exercice: Amuse-toi \u00e0 regarder tes 2 paumes de mains et \u00e0 noter les diff\u00e9rences entre la droite et la gauche! Etonnant, non!<\/p>\n<p>On commence toujours la lecture des mains par la main passive: la main gauche, pour les droitier(e)s et la main droite, pour les gaucher(e)s. Elle indique le temp\u00e9rament, les id\u00e9es, la nature profonde de l&rsquo;\u00eatre, les aptitudes naturelles et elle donne quelques indices sur notre chemin de vie. La main passive, c&rsquo;est l&rsquo;instinct, le temp\u00e9rament.<\/p>\n<p>La main droite ou main active, va nous renseigner sur la mani\u00e8re dont toutes ces aptitudes naturelles sont mises en \u0153uvre et tout ce que nous avons acquis gr\u00e2ce \u00e0 notre v\u00e9cu, notre environnement, notre \u00e9ducation et surtout notre volont\u00e9. La volont\u00e9, c&rsquo;est ton pouvoir magique! Tout ce qui s&rsquo;acquiert, c&rsquo;est ce qu&rsquo;on nomme le caract\u00e8re.<\/p>\n<p>Au moment de la demande d&rsquo;analyse, tu peux poser toutes les questions qui te pr\u00e9occupent.&nbsp;<\/p>\n<p>Lorsque l&rsquo;analyse est termin\u00e9e, je t&rsquo;envoie un message pour te pr\u00e9venir. Et, apr\u00e8s r\u00e9ception de ton r\u00e8glement, je te fais parvenir une vid\u00e9o qui parle de toi. La dur\u00e9e de la vid\u00e9o est d&rsquo;environ 60 mn.<\/p>\t\t\t\t\t\t\t\t<\/div>\n\t\t\t\t<\/div>\n\t\t\t\t\t<\/div>\n\t\t\t\t<\/div>\n\t\t\t\t<\/div>\n\t\t","protected":false},"excerpt":{"rendered":"<p>Comment \u00e7a se passe ? \ud83c\udf38 A quoi s&rsquo;attendre lors d&rsquo;une consultation? La consultation se fait g\u00e9n\u00e9ralement \u00e0 distance, sur photos et apr\u00e8s avoir r\u00e9pondu \u00e0 8 questions, du type &hellip;<\/p>\n<p class=\"read-more\"> <a class=\"\" href=\"https:\/\/lesmainsdeflo.com\/index.php\/consultation\/\"> <span class=\"screen-reader-text\">Comment \u00e7a se passe ?<\/span> Lire la suite\u00a0\u00bb<\/a><\/p>\n","protected":false},"author":1,"featured_media":0,"parent":0,"menu_order":0,"comment_status":"closed","ping_status":"closed","template":"","meta":{"site-sidebar-layout":"no-sidebar","site-content-layout":"page-builder","ast-site-content-layout":"full-width-container","site-content-style":"unboxed","site-sidebar-style":"unboxed","ast-global-header-display":"","ast-banner-title-visibility":"","ast-main-header-display":"","ast-hfb-above-header-display":"","ast-hfb-below-header-display":"","ast-hfb-mobile-header-display":"","site-post-title":"disabled","ast-breadcrumbs-content":"","ast-featured-img":"disabled","footer-sml-layout":"","theme-transparent-header-meta":"enabled","adv-header-id-meta":"","stick-header-meta":"","header-above-stick-meta":"","header-main-stick-meta":"","header-below-stick-meta":"","astra-migrate-meta-layouts":"set","_price":"","_stock":"","_tribe_ticket_header":"","_tribe_default_ticket_provider":"TEC\\Tickets\\Commerce\\Module","_tribe_ticket_capacity":"0","_ticket_start_date":"","_ticket_end_date":"","_tribe_ticket_show_description":"","_tribe_ticket_show_not_going":false,"_tribe_ticket_use_global_stock":"","_tribe_ticket_global_stock_level":"","_global_stock_mode":"","_global_stock_cap":"","_tribe_rsvp_for_event":"","_tribe_ticket_going_count":"","_tribe_ticket_not_going_count":"","_tribe_tickets_list":"[]","_tribe_ticket_has_attendee_info_fields":false,"footnotes":"","_tec_slr_enabled":"","_tec_slr_layout":""},"class_list":["post-642","page","type-page","status-publish","hentry"],"yoast_head":"<!-- This site is optimized with the Yoast SEO plugin v22.8 - https:\/\/yoast.com\/wordpress\/plugins\/seo\/ -->\n<title>Comment \u00e7a se passe ? - Les mains de flo<\/title>\n<meta name=\"description\" content=\"Consultation priv\u00e9e de chirologie : explorez vos talents cach\u00e9s, d\u00e9couvrez vos cl\u00e9s de vie et laissez vos mains d\u00e9voiler votre potentiel.\" \/>\n<meta name=\"robots\" content=\"index, follow, max-snippet:-1, max-image-preview:large, max-video-preview:-1\" \/>\n<link rel=\"canonical\" href=\"https:\/\/lesmainsdeflo.com\/index.php\/consultation\/\" \/>\n<meta property=\"og:locale\" content=\"fr_FR\" \/>\n<meta property=\"og:type\" content=\"article\" \/>\n<meta property=\"og:title\" content=\"Comment \u00e7a se passe ? - Les mains de flo\" \/>\n<meta property=\"og:description\" content=\"Consultation priv\u00e9e de chirologie : explorez vos talents cach\u00e9s, d\u00e9couvrez vos cl\u00e9s de vie et laissez vos mains d\u00e9voiler votre potentiel.\" \/>\n<meta property=\"og:url\" content=\"https:\/\/lesmainsdeflo.com\/index.php\/consultation\/\" \/>\n<meta property=\"og:site_name\" content=\"Les mains de flo\" \/>\n<meta property=\"article:modified_time\" content=\"2025-09-25T10:15:33+00:00\" \/>\n<meta name=\"twitter:card\" content=\"summary_large_image\" \/>\n<meta name=\"twitter:label1\" content=\"Dur\u00e9e de lecture estim\u00e9e\" \/>\n\t<meta name=\"twitter:data1\" content=\"2 minutes\" \/>\n<script type=\"application\/ld+json\" class=\"yoast-schema-graph\">{\"@context\":\"https:\/\/schema.org\",\"@graph\":[{\"@type\":\"WebPage\",\"@id\":\"https:\/\/lesmainsdeflo.com\/index.php\/consultation\/\",\"url\":\"https:\/\/lesmainsdeflo.com\/index.php\/consultation\/\",\"name\":\"Comment \u00e7a se passe ? - Les mains de flo\",\"isPartOf\":{\"@id\":\"https:\/\/lesmainsdeflo.com\/#website\"},\"datePublished\":\"2021-02-24T05:52:50+00:00\",\"dateModified\":\"2025-09-25T10:15:33+00:00\",\"description\":\"Consultation priv\u00e9e de chirologie : explorez vos talents cach\u00e9s, d\u00e9couvrez vos cl\u00e9s de vie et laissez vos mains d\u00e9voiler votre potentiel.\",\"breadcrumb\":{\"@id\":\"https:\/\/lesmainsdeflo.com\/index.php\/consultation\/#breadcrumb\"},\"inLanguage\":\"fr-FR\",\"potentialAction\":[{\"@type\":\"ReadAction\",\"target\":[\"https:\/\/lesmainsdeflo.com\/index.php\/consultation\/\"]}]},{\"@type\":\"BreadcrumbList\",\"@id\":\"https:\/\/lesmainsdeflo.com\/index.php\/consultation\/#breadcrumb\",\"itemListElement\":[{\"@type\":\"ListItem\",\"position\":1,\"name\":\"Accueil\",\"item\":\"https:\/\/lesmainsdeflo.com\/\"},{\"@type\":\"ListItem\",\"position\":2,\"name\":\"Comment \u00e7a se passe ?\"}]},{\"@type\":\"WebSite\",\"@id\":\"https:\/\/lesmainsdeflo.com\/#website\",\"url\":\"https:\/\/lesmainsdeflo.com\/\",\"name\":\"Les Mains de Flo\",\"description\":\"lecture des lignes de la main\",\"publisher\":{\"@id\":\"https:\/\/lesmainsdeflo.com\/#organization\"},\"potentialAction\":[{\"@type\":\"SearchAction\",\"target\":{\"@type\":\"EntryPoint\",\"urlTemplate\":\"https:\/\/lesmainsdeflo.com\/?s={search_term_string}\"},\"query-input\":\"required name=search_term_string\"}],\"inLanguage\":\"fr-FR\"},{\"@type\":\"Organization\",\"@id\":\"https:\/\/lesmainsdeflo.com\/#organization\",\"name\":\"Les mains de flo - Chiromancie\",\"url\":\"https:\/\/lesmainsdeflo.com\/\",\"logo\":{\"@type\":\"ImageObject\",\"inLanguage\":\"fr-FR\",\"@id\":\"https:\/\/lesmainsdeflo.com\/#\/schema\/logo\/image\/\",\"url\":\"https:\/\/lesmainsdeflo.com\/wp-content\/uploads\/2023\/10\/cropped-Chiromancie-Cartomancie-Papotage-1-1.png\",\"contentUrl\":\"https:\/\/lesmainsdeflo.com\/wp-content\/uploads\/2023\/10\/cropped-Chiromancie-Cartomancie-Papotage-1-1.png\",\"width\":512,\"height\":512,\"caption\":\"Les mains de flo - Chiromancie\"},\"image\":{\"@id\":\"https:\/\/lesmainsdeflo.com\/#\/schema\/logo\/image\/\"}}]}<\/script>\n<!-- \/ Yoast SEO plugin. -->","yoast_head_json":{"title":"Comment \u00e7a se passe ? - Les mains de flo","description":"Consultation priv\u00e9e de chirologie : explorez vos talents cach\u00e9s, d\u00e9couvrez vos cl\u00e9s de vie et laissez vos mains d\u00e9voiler votre potentiel.","robots":{"index":"index","follow":"follow","max-snippet":"max-snippet:-1","max-image-preview":"max-image-preview:large","max-video-preview":"max-video-preview:-1"},"canonical":"https:\/\/lesmainsdeflo.com\/index.php\/consultation\/","og_locale":"fr_FR","og_type":"article","og_title":"Comment \u00e7a se passe ? - Les mains de flo","og_description":"Consultation priv\u00e9e de chirologie : explorez vos talents cach\u00e9s, d\u00e9couvrez vos cl\u00e9s de vie et laissez vos mains d\u00e9voiler votre potentiel.","og_url":"https:\/\/lesmainsdeflo.com\/index.php\/consultation\/","og_site_name":"Les mains de flo","article_modified_time":"2025-09-25T10:15:33+00:00","twitter_card":"summary_large_image","twitter_misc":{"Dur\u00e9e de lecture estim\u00e9e":"2 minutes"},"schema":{"@context":"https:\/\/schema.org","@graph":[{"@type":"WebPage","@id":"https:\/\/lesmainsdeflo.com\/index.php\/consultation\/","url":"https:\/\/lesmainsdeflo.com\/index.php\/consultation\/","name":"Comment \u00e7a se passe ? - Les mains de flo","isPartOf":{"@id":"https:\/\/lesmainsdeflo.com\/#website"},"datePublished":"2021-02-24T05:52:50+00:00","dateModified":"2025-09-25T10:15:33+00:00","description":"Consultation priv\u00e9e de chirologie : explorez vos talents cach\u00e9s, d\u00e9couvrez vos cl\u00e9s de vie et laissez vos mains d\u00e9voiler votre potentiel.","breadcrumb":{"@id":"https:\/\/lesmainsdeflo.com\/index.php\/consultation\/#breadcrumb"},"inLanguage":"fr-FR","potentialAction":[{"@type":"ReadAction","target":["https:\/\/lesmainsdeflo.com\/index.php\/consultation\/"]}]},{"@type":"BreadcrumbList","@id":"https:\/\/lesmainsdeflo.com\/index.php\/consultation\/#breadcrumb","itemListElement":[{"@type":"ListItem","position":1,"name":"Accueil","item":"https:\/\/lesmainsdeflo.com\/"},{"@type":"ListItem","position":2,"name":"Comment \u00e7a se passe ?"}]},{"@type":"WebSite","@id":"https:\/\/lesmainsdeflo.com\/#website","url":"https:\/\/lesmainsdeflo.com\/","name":"Les Mains de Flo","description":"lecture des lignes de la main","publisher":{"@id":"https:\/\/lesmainsdeflo.com\/#organization"},"potentialAction":[{"@type":"SearchAction","target":{"@type":"EntryPoint","urlTemplate":"https:\/\/lesmainsdeflo.com\/?s={search_term_string}"},"query-input":"required name=search_term_string"}],"inLanguage":"fr-FR"},{"@type":"Organization","@id":"https:\/\/lesmainsdeflo.com\/#organization","name":"Les mains de flo - Chiromancie","url":"https:\/\/lesmainsdeflo.com\/","logo":{"@type":"ImageObject","inLanguage":"fr-FR","@id":"https:\/\/lesmainsdeflo.com\/#\/schema\/logo\/image\/","url":"https:\/\/lesmainsdeflo.com\/wp-content\/uploads\/2023\/10\/cropped-Chiromancie-Cartomancie-Papotage-1-1.png","contentUrl":"https:\/\/lesmainsdeflo.com\/wp-content\/uploads\/2023\/10\/cropped-Chiromancie-Cartomancie-Papotage-1-1.png","width":512,"height":512,"caption":"Les mains de flo - Chiromancie"},"image":{"@id":"https:\/\/lesmainsdeflo.com\/#\/schema\/logo\/image\/"}}]}},"ticketed":false,"_links":{"self":[{"href":"https:\/\/lesmainsdeflo.com\/index.php\/wp-json\/wp\/v2\/pages\/642","targetHints":{"allow":["GET"]}}],"collection":[{"href":"https:\/\/lesmainsdeflo.com\/index.php\/wp-json\/wp\/v2\/pages"}],"about":[{"href":"https:\/\/lesmainsdeflo.com\/index.php\/wp-json\/wp\/v2\/types\/page"}],"author":[{"embeddable":true,"href":"https:\/\/lesmainsdeflo.com\/index.php\/wp-json\/wp\/v2\/users\/1"}],"replies":[{"embeddable":true,"href":"https:\/\/lesmainsdeflo.com\/index.php\/wp-json\/wp\/v2\/comments?post=642"}],"version-history":[{"count":36,"href":"https:\/\/lesmainsdeflo.com\/index.php\/wp-json\/wp\/v2\/pages\/642\/revisions"}],"predecessor-version":[{"id":1895,"href":"https:\/\/lesmainsdeflo.com\/index.php\/wp-json\/wp\/v2\/pages\/642\/revisions\/1895"}],"wp:attachment":[{"href":"https:\/\/lesmainsdeflo.com\/index.php\/wp-json\/wp\/v2\/media?parent=642"}],"curies":[{"name":"wp","href":"https:\/\/api.w.org\/{rel}","templated":true}]}}